{"id":4841,"date":"2025-10-08T15:47:27","date_gmt":"2025-10-08T15:47:27","guid":{"rendered":"https:\/\/josebazubeldia.com\/?page_id=4841"},"modified":"2025-10-08T18:53:03","modified_gmt":"2025-10-08T18:53:03","slug":"politica","status":"publish","type":"page","link":"https:\/\/josebazubeldia.com\/es\/politica\/","title":{"rendered":"Politica"},"content":{"rendered":"\t\t<div data-elementor-type=\"wp-page\" data-elementor-id=\"4841\" class=\"elementor elementor-4841\" data-elementor-post-type=\"page\">\n\t\t\t\t<div class=\"elementor-element elementor-element-59b53e0 e-con-full e-flex e-con e-parent\" data-id=\"59b53e0\" data-element_type=\"container\">\n\t\t\t\t<div class=\"elementor-element elementor-element-60b4221 elementor-widget elementor-widget-text-editor\" data-id=\"60b4221\" data-element_type=\"widget\" data-widget_type=\"text-editor.default\">\n\t\t\t\t<div class=\"elementor-widget-container\">\n\t\t\t\t\t\t\t\t\t<h2 data-start=\"218\" data-end=\"243\">Pol\u00edtica de Privacidad<\/h2><p data-start=\"245\" data-end=\"510\">En cumplimiento de lo dispuesto en el Reglamento (UE) 2016\/679 del Parlamento Europeo y del Consejo (RGPD) y la Ley Org\u00e1nica 3\/2018, de Protecci\u00f3n de Datos Personales y garant\u00eda de los derechos digitales, se informa a los usuarios de este sitio web de lo siguiente:<\/p><p data-start=\"512\" data-end=\"712\"><strong data-start=\"512\" data-end=\"544\">Responsable del tratamiento:<\/strong><br data-start=\"544\" data-end=\"547\" \/>Joseba Zubeldia (NIF 72453412P)<br data-start=\"578\" data-end=\"581\" \/>Domicilio: Larramendi 13, bajo 5 \u2013 20400 Tolosa (Gipuzkoa)<br data-start=\"639\" data-end=\"642\" \/>Correo electr\u00f3nico: <a class=\"decorated-link\" href=\"mailto:josebazubeldia14@gmail.com\" rel=\"noopener\" data-start=\"662\" data-end=\"688\">josebazubeldia14@gmail.com<\/a><br data-start=\"688\" data-end=\"691\" \/>Tel\u00e9fono: 611 619 088<\/p><p data-start=\"714\" data-end=\"982\"><strong data-start=\"714\" data-end=\"744\">Finalidad del tratamiento:<\/strong><br data-start=\"744\" data-end=\"747\" \/>Este sitio web tiene car\u00e1cter informativo y no recopila datos personales de los usuarios. \u00danicamente se tratar\u00e1n los datos personales que puedan recibirse a trav\u00e9s de correo electr\u00f3nico, con el fin de atender solicitudes o consultas.<\/p><p data-start=\"984\" data-end=\"1151\"><strong data-start=\"984\" data-end=\"1001\">Legitimaci\u00f3n:<\/strong><br data-start=\"1001\" data-end=\"1004\" \/>La base legal para el tratamiento de los datos es el consentimiento del interesado al establecer contacto voluntariamente por correo electr\u00f3nico.<\/p><p data-start=\"1153\" data-end=\"1306\"><strong data-start=\"1153\" data-end=\"1183\">Conservaci\u00f3n de los datos:<\/strong><br data-start=\"1183\" data-end=\"1186\" \/>Los datos se conservar\u00e1n \u00fanicamente el tiempo necesario para atender la comunicaci\u00f3n o prestar el servicio solicitado.<\/p><p data-start=\"1308\" data-end=\"1388\"><strong data-start=\"1308\" data-end=\"1328\">Cesi\u00f3n de datos:<\/strong><br data-start=\"1328\" data-end=\"1331\" \/>No se ceder\u00e1n datos a terceros, salvo obligaci\u00f3n legal.<\/p><p data-start=\"1390\" data-end=\"1613\"><strong data-start=\"1390\" data-end=\"1415\">Derechos del usuario:<\/strong><br data-start=\"1415\" data-end=\"1418\" \/>El usuario puede ejercer los derechos de acceso, rectificaci\u00f3n, supresi\u00f3n, oposici\u00f3n, limitaci\u00f3n y portabilidad mediante solicitud escrita dirigida al correo electr\u00f3nico indicado anteriormente.<\/p><p data-start=\"1615\" data-end=\"1818\"><strong data-start=\"1615\" data-end=\"1642\">Proveedor de servicios:<\/strong><br data-start=\"1642\" data-end=\"1645\" \/>El dominio y el alojamiento del sitio web son gestionados por OVH (ovhcloud.com), proveedor con servidores situados en la Uni\u00f3n Europea, cumpliendo las garant\u00edas del RGPD.<\/p>\t\t\t\t\t\t\t\t<\/div>\n\t\t\t\t<\/div>\n\t\t\t\t<\/div>\n\t\t\t\t<\/div>\n\t\t","protected":false},"excerpt":{"rendered":"<p>Pol\u00edtica de Privacidad En cumplimiento de lo dispuesto en el Reglamento (UE) 2016\/679 del Parlamento Europeo y del Consejo (RGPD) y la Ley Org\u00e1nica 3\/2018, de Protecci\u00f3n de Datos Personales y garant\u00eda de los derechos digitales, se informa a los usuarios de este sitio web de lo siguiente: Responsable del tratamiento:Joseba Zubeldia (NIF 72453412P)Domicilio: Larramendi &hellip;<\/p>\n","protected":false},"author":2,"featured_media":0,"parent":0,"menu_order":0,"comment_status":"closed","ping_status":"closed","template":"","meta":{"footnotes":""},"class_list":["post-4841","page","type-page","status-publish","hentry"],"yoast_head":"<!-- This site is optimized with the Yoast SEO plugin v26.0 - https:\/\/yoast.com\/wordpress\/plugins\/seo\/ -->\n<title>Politica - Joseba Zubeldia<\/title>\n<meta name=\"robots\" content=\"index, follow, max-snippet:-1, max-image-preview:large, max-video-preview:-1\" \/>\n<link rel=\"canonical\" href=\"https:\/\/josebazubeldia.com\/es\/politica\/\" \/>\n<meta property=\"og:locale\" content=\"es_ES\" \/>\n<meta property=\"og:type\" content=\"article\" \/>\n<meta property=\"og:title\" content=\"Politica - Joseba Zubeldia\" \/>\n<meta property=\"og:description\" content=\"Pol\u00edtica de Privacidad En cumplimiento de lo dispuesto en el Reglamento (UE) 2016\/679 del Parlamento Europeo y del Consejo (RGPD) y la Ley Org\u00e1nica 3\/2018, de Protecci\u00f3n de Datos Personales y garant\u00eda de los derechos digitales, se informa a los usuarios de este sitio web de lo siguiente: Responsable del tratamiento:Joseba Zubeldia (NIF 72453412P)Domicilio: Larramendi &hellip;\" \/>\n<meta property=\"og:url\" content=\"https:\/\/josebazubeldia.com\/es\/politica\/\" \/>\n<meta property=\"og:site_name\" content=\"Joseba Zubeldia\" \/>\n<meta property=\"article:modified_time\" content=\"2025-10-08T18:53:03+00:00\" \/>\n<meta name=\"twitter:card\" content=\"summary_large_image\" \/>\n<meta name=\"twitter:label1\" content=\"Tiempo de lectura\" \/>\n\t<meta name=\"twitter:data1\" content=\"2 minutos\" \/>\n<script type=\"application\/ld+json\" class=\"yoast-schema-graph\">{\"@context\":\"https:\/\/schema.org\",\"@graph\":[{\"@type\":\"WebPage\",\"@id\":\"https:\/\/josebazubeldia.com\/es\/politica\/\",\"url\":\"https:\/\/josebazubeldia.com\/es\/politica\/\",\"name\":\"Politica - Joseba Zubeldia\",\"isPartOf\":{\"@id\":\"https:\/\/josebazubeldia.com\/#website\"},\"datePublished\":\"2025-10-08T15:47:27+00:00\",\"dateModified\":\"2025-10-08T18:53:03+00:00\",\"breadcrumb\":{\"@id\":\"https:\/\/josebazubeldia.com\/es\/politica\/#breadcrumb\"},\"inLanguage\":\"es\",\"potentialAction\":[{\"@type\":\"ReadAction\",\"target\":[\"https:\/\/josebazubeldia.com\/es\/politica\/\"]}]},{\"@type\":\"BreadcrumbList\",\"@id\":\"https:\/\/josebazubeldia.com\/es\/politica\/#breadcrumb\",\"itemListElement\":[{\"@type\":\"ListItem\",\"position\":1,\"name\":\"Portada\",\"item\":\"https:\/\/josebazubeldia.com\/es\/\"},{\"@type\":\"ListItem\",\"position\":2,\"name\":\"Politica\"}]},{\"@type\":\"WebSite\",\"@id\":\"https:\/\/josebazubeldia.com\/#website\",\"url\":\"https:\/\/josebazubeldia.com\/\",\"name\":\"Joseba Zubeldia\",\"description\":\"Diseinatzaile grafikoa | ui\/ux aditua | front-end garatzailea.\",\"potentialAction\":[{\"@type\":\"SearchAction\",\"target\":{\"@type\":\"EntryPoint\",\"urlTemplate\":\"https:\/\/josebazubeldia.com\/?s={search_term_string}\"},\"query-input\":{\"@type\":\"PropertyValueSpecification\",\"valueRequired\":true,\"valueName\":\"search_term_string\"}}],\"inLanguage\":\"es\"}]}<\/script>\n<!-- \/ Yoast SEO plugin. -->","yoast_head_json":{"title":"Politica - Joseba Zubeldia","robots":{"index":"index","follow":"follow","max-snippet":"max-snippet:-1","max-image-preview":"max-image-preview:large","max-video-preview":"max-video-preview:-1"},"canonical":"https:\/\/josebazubeldia.com\/es\/politica\/","og_locale":"es_ES","og_type":"article","og_title":"Politica - Joseba Zubeldia","og_description":"Pol\u00edtica de Privacidad En cumplimiento de lo dispuesto en el Reglamento (UE) 2016\/679 del Parlamento Europeo y del Consejo (RGPD) y la Ley Org\u00e1nica 3\/2018, de Protecci\u00f3n de Datos Personales y garant\u00eda de los derechos digitales, se informa a los usuarios de este sitio web de lo siguiente: Responsable del tratamiento:Joseba Zubeldia (NIF 72453412P)Domicilio: Larramendi &hellip;","og_url":"https:\/\/josebazubeldia.com\/es\/politica\/","og_site_name":"Joseba Zubeldia","article_modified_time":"2025-10-08T18:53:03+00:00","twitter_card":"summary_large_image","twitter_misc":{"Tiempo de lectura":"2 minutos"},"schema":{"@context":"https:\/\/schema.org","@graph":[{"@type":"WebPage","@id":"https:\/\/josebazubeldia.com\/es\/politica\/","url":"https:\/\/josebazubeldia.com\/es\/politica\/","name":"Politica - Joseba Zubeldia","isPartOf":{"@id":"https:\/\/josebazubeldia.com\/#website"},"datePublished":"2025-10-08T15:47:27+00:00","dateModified":"2025-10-08T18:53:03+00:00","breadcrumb":{"@id":"https:\/\/josebazubeldia.com\/es\/politica\/#breadcrumb"},"inLanguage":"es","potentialAction":[{"@type":"ReadAction","target":["https:\/\/josebazubeldia.com\/es\/politica\/"]}]},{"@type":"BreadcrumbList","@id":"https:\/\/josebazubeldia.com\/es\/politica\/#breadcrumb","itemListElement":[{"@type":"ListItem","position":1,"name":"Portada","item":"https:\/\/josebazubeldia.com\/es\/"},{"@type":"ListItem","position":2,"name":"Politica"}]},{"@type":"WebSite","@id":"https:\/\/josebazubeldia.com\/#website","url":"https:\/\/josebazubeldia.com\/","name":"Joseba Zubeldia","description":"Diseinatzaile grafikoa | ui\/ux aditua | front-end garatzailea.","potentialAction":[{"@type":"SearchAction","target":{"@type":"EntryPoint","urlTemplate":"https:\/\/josebazubeldia.com\/?s={search_term_string}"},"query-input":{"@type":"PropertyValueSpecification","valueRequired":true,"valueName":"search_term_string"}}],"inLanguage":"es"}]}},"_links":{"self":[{"href":"https:\/\/josebazubeldia.com\/es\/wp-json\/wp\/v2\/pages\/4841","targetHints":{"allow":["GET"]}}],"collection":[{"href":"https:\/\/josebazubeldia.com\/es\/wp-json\/wp\/v2\/pages"}],"about":[{"href":"https:\/\/josebazubeldia.com\/es\/wp-json\/wp\/v2\/types\/page"}],"author":[{"embeddable":true,"href":"https:\/\/josebazubeldia.com\/es\/wp-json\/wp\/v2\/users\/2"}],"replies":[{"embeddable":true,"href":"https:\/\/josebazubeldia.com\/es\/wp-json\/wp\/v2\/comments?post=4841"}],"version-history":[{"count":1,"href":"https:\/\/josebazubeldia.com\/es\/wp-json\/wp\/v2\/pages\/4841\/revisions"}],"predecessor-version":[{"id":4842,"href":"https:\/\/josebazubeldia.com\/es\/wp-json\/wp\/v2\/pages\/4841\/revisions\/4842"}],"wp:attachment":[{"href":"https:\/\/josebazubeldia.com\/es\/wp-json\/wp\/v2\/media?parent=4841"}],"curies":[{"name":"wp","href":"https:\/\/api.w.org\/{rel}","templated":true}]}}