{"id":3112,"date":"2025-01-30T15:08:30","date_gmt":"2025-01-30T15:08:30","guid":{"rendered":"https:\/\/josebazubeldia.com\/about\/"},"modified":"2025-10-04T08:37:03","modified_gmt":"2025-10-04T08:37:03","slug":"about","status":"publish","type":"page","link":"https:\/\/josebazubeldia.com\/es\/about\/","title":{"rendered":"About"},"content":{"rendered":"\t\t<div data-elementor-type=\"wp-page\" data-elementor-id=\"3112\" class=\"elementor elementor-3112\" data-elementor-post-type=\"page\">\n\t\t\t\t<div class=\"elementor-element elementor-element-a6179f4 e-con-full e-flex e-con e-parent\" data-id=\"a6179f4\" data-element_type=\"container\">\n\t\t<div class=\"elementor-element elementor-element-30d725c e-con-full e-flex e-con e-child\" data-id=\"30d725c\" data-element_type=\"container\" data-settings=\"{&quot;background_background&quot;:&quot;slideshow&quot;,&quot;background_slideshow_gallery&quot;:[{&quot;id&quot;:4203,&quot;url&quot;:&quot;https:\\\/\\\/josebazubeldia.com\\\/wp-content\\\/uploads\\\/2025\\\/10\\\/namib.jpg&quot;},{&quot;id&quot;:4190,&quot;url&quot;:&quot;https:\\\/\\\/josebazubeldia.com\\\/wp-content\\\/uploads\\\/2025\\\/10\\\/surf.jpg&quot;},{&quot;id&quot;:4187,&quot;url&quot;:&quot;https:\\\/\\\/josebazubeldia.com\\\/wp-content\\\/uploads\\\/2025\\\/10\\\/baloncesto.jpg&quot;},{&quot;id&quot;:4184,&quot;url&quot;:&quot;https:\\\/\\\/josebazubeldia.com\\\/wp-content\\\/uploads\\\/2025\\\/10\\\/fuerte.jpg&quot;},{&quot;id&quot;:2867,&quot;url&quot;:&quot;https:\\\/\\\/josebazubeldia.com\\\/wp-content\\\/uploads\\\/2025\\\/04\\\/joseba-zubeldia.jpg&quot;}],&quot;background_slideshow_slide_duration&quot;:100,&quot;background_slideshow_transition_duration&quot;:0,&quot;background_slideshow_loop&quot;:&quot;yes&quot;,&quot;background_slideshow_slide_transition&quot;:&quot;fade&quot;}\">\n\t\t\t\t<div class=\"elementor-element elementor-element-a5ab452 elementor-widget elementor-widget-image\" data-id=\"a5ab452\" data-element_type=\"widget\" data-widget_type=\"image.default\">\n\t\t\t\t<div class=\"elementor-widget-container\">\n\t\t\t\t\t\t\t\t\t\t\t\t\t\t\t<img fetchpriority=\"high\" decoding=\"async\" width=\"2104\" height=\"824\" src=\"https:\/\/josebazubeldia.com\/wp-content\/uploads\/2025\/10\/vacio.png\" class=\"attachment-full size-full wp-image-4181\" alt=\"\" srcset=\"https:\/\/josebazubeldia.com\/wp-content\/uploads\/2025\/10\/vacio.png 2104w, https:\/\/josebazubeldia.com\/wp-content\/uploads\/2025\/10\/vacio-768x301.png 768w, https:\/\/josebazubeldia.com\/wp-content\/uploads\/2025\/10\/vacio-1536x602.png 1536w, https:\/\/josebazubeldia.com\/wp-content\/uploads\/2025\/10\/vacio-2048x802.png 2048w\" sizes=\"(max-width: 2104px) 100vw, 2104px\" \/>\t\t\t\t\t\t\t\t\t\t\t\t\t\t\t<\/div>\n\t\t\t\t<\/div>\n\t\t\t\t<\/div>\n\t\t\t\t<\/div>\n\t\t<div class=\"elementor-element elementor-element-1b0cb0b e-con-full e-flex e-con e-parent\" data-id=\"1b0cb0b\" data-element_type=\"container\">\n\t\t\t\t<div class=\"elementor-element elementor-element-195735d elementor-invisible elementor-widget elementor-widget-text-editor\" data-id=\"195735d\" data-element_type=\"widget\" data-settings=\"{&quot;_animation&quot;:&quot;fadeIn&quot;}\" data-widget_type=\"text-editor.default\">\n\t\t\t\t<div class=\"elementor-widget-container\">\n\t\t\t\t\t\t\t\t\t<h3>\ud83d\udc68\u200d\ud83d\udcbb Dise\u00f1o, desarrollo y gestiono p\u00e1ginas web, principalmente en el \u00e1mbito visual. Tener base de dise\u00f1ador gr\u00e1fico me aporta un alto nivel de conocimiento t\u00e9cnico y sensibilidad a la hora de trabajar el desarrollo front-end. Mi especialidad es construir sitios web con una base s\u00f3lida, prestando especial atenci\u00f3n a los detalles gr\u00e1ficos.<\/h3>\t\t\t\t\t\t\t\t<\/div>\n\t\t\t\t<\/div>\n\t\t\t\t<div class=\"elementor-element elementor-element-35b0d62 elementor-invisible elementor-widget elementor-widget-text-editor\" data-id=\"35b0d62\" data-element_type=\"widget\" data-settings=\"{&quot;_animation&quot;:&quot;fadeIn&quot;}\" data-widget_type=\"text-editor.default\">\n\t\t\t\t<div class=\"elementor-widget-container\">\n\t\t\t\t\t\t\t\t\t<h3>\ud83e\udd84 Contar con habilidades tanto de dise\u00f1o como de desarrollo me permite ofrecer una visi\u00f3n poco com\u00fan, acelerando los procesos y mejorando los resultados. Act\u00fao como puente entre ambos campos, facilitando la comunicaci\u00f3n.<\/h3>\t\t\t\t\t\t\t\t<\/div>\n\t\t\t\t<\/div>\n\t\t\t\t<div class=\"elementor-element elementor-element-35e4c31 elementor-invisible elementor-widget elementor-widget-text-editor\" data-id=\"35e4c31\" data-element_type=\"widget\" data-settings=\"{&quot;_animation&quot;:&quot;fadeIn&quot;}\" data-widget_type=\"text-editor.default\">\n\t\t\t\t<div class=\"elementor-widget-container\">\n\t\t\t\t\t\t\t\t\t<h3>\u2699\ufe0f Aunque puedo abordar proyectos peque\u00f1os de forma aut\u00f3noma, mi d\u00eda a d\u00eda consiste en participar como especialista en proyectos de mayor envergadura.<\/h3>\t\t\t\t\t\t\t\t<\/div>\n\t\t\t\t<\/div>\n\t\t\t\t<\/div>\n\t\t<div class=\"elementor-element elementor-element-e02ca42 e-grid e-con-full servicios elementor-invisible e-con e-parent\" data-id=\"e02ca42\" data-element_type=\"container\" data-settings=\"{&quot;animation&quot;:&quot;fadeIn&quot;}\">\n\t\t\t\t<div class=\"elementor-element elementor-element-228d862 elementor-widget elementor-widget-text-editor\" data-id=\"228d862\" data-element_type=\"widget\" data-widget_type=\"text-editor.default\">\n\t\t\t\t<div class=\"elementor-widget-container\">\n\t\t\t\t\t\t\t\t\t<p>DISE\u00d1O<\/p>\t\t\t\t\t\t\t\t<\/div>\n\t\t\t\t<\/div>\n\t\t\t\t<div class=\"elementor-element elementor-element-ccf9dbb elementor-widget elementor-widget-text-editor\" data-id=\"ccf9dbb\" data-element_type=\"widget\" data-widget_type=\"text-editor.default\">\n\t\t\t\t<div class=\"elementor-widget-container\">\n\t\t\t\t\t\t\t\t\t<ul class=\"_arrows\"><li>Branding<\/li><li>Dise\u00f1o de interfaces (UI\/UX)<\/li><li>Tipograf\u00eda y dise\u00f1o editorial<\/li><li>Composici\u00f3n y dise\u00f1o responsive<\/li><li>Optimizaci\u00f3n para web dispositivos m\u00f3viles<\/li><li>Dise\u00f1o de componentes y sistemas visuales<\/li><li>Figma, Illustrator, InDesign, Photoshop<\/li><\/ul>\t\t\t\t\t\t\t\t<\/div>\n\t\t\t\t<\/div>\n\t\t\t\t<div class=\"elementor-element elementor-element-6444ddd elementor-widget elementor-widget-text-editor\" data-id=\"6444ddd\" data-element_type=\"widget\" data-widget_type=\"text-editor.default\">\n\t\t\t\t<div class=\"elementor-widget-container\">\n\t\t\t\t\t\t\t\t\t<p>FRONT_END<\/p>\t\t\t\t\t\t\t\t<\/div>\n\t\t\t\t<\/div>\n\t\t\t\t<div class=\"elementor-element elementor-element-4f07a87 elementor-widget elementor-widget-text-editor\" data-id=\"4f07a87\" data-element_type=\"widget\" data-widget_type=\"text-editor.default\">\n\t\t\t\t<div class=\"elementor-widget-container\">\n\t\t\t\t\t\t\t\t\t<ul class=\"_arrows\"><li>HTML, CSS y JavaScript<\/li><li>Desarrollo de webs responsivas<\/li><li>Dise\u00f1o basado en componentes<\/li><li>Arquitectura CSS y organizaci\u00f3n de sistemas de estilos<\/li><li>Implementaci\u00f3n pixel-perfect de interfaces visuales<\/li><li>Integraci\u00f3n entre dise\u00f1o y desarrollo<\/li><li>Trabajo con CMS (WordPress, Shopify, PrestaShop\u2026)<\/li><li>Especialista en WordPress (Elementor, Bakery Builder, Divi\u2026)<\/li><\/ul>\t\t\t\t\t\t\t\t<\/div>\n\t\t\t\t<\/div>\n\t\t\t\t<\/div>\n\t\t<div class=\"elementor-element elementor-element-4b786ab e-grid e-con-full valores elementor-invisible e-con e-parent\" data-id=\"4b786ab\" data-element_type=\"container\" data-settings=\"{&quot;animation&quot;:&quot;fadeIn&quot;}\">\n\t\t\t\t<div class=\"elementor-element elementor-element-8f417d2 elementor-widget elementor-widget-text-editor\" data-id=\"8f417d2\" data-element_type=\"widget\" data-widget_type=\"text-editor.default\">\n\t\t\t\t<div class=\"elementor-widget-container\">\n\t\t\t\t\t\t\t\t\t<p>PRINCIPIOS<\/p>\t\t\t\t\t\t\t\t<\/div>\n\t\t\t\t<\/div>\n\t\t\t\t<div class=\"elementor-element elementor-element-7fd7a57 elementor-widget elementor-widget-text-editor\" data-id=\"7fd7a57\" data-element_type=\"widget\" data-widget_type=\"text-editor.default\">\n\t\t\t\t<div class=\"elementor-widget-container\">\n\t\t\t\t\t\t\t\t\t<ul class=\"_arrows\"><li>Equilibrio entre dise\u00f1o y funcionalidad<\/li><li>Atenci\u00f3n al detalle<\/li><li>La experiencia del usuario como prioridad<\/li><li>Aprendizaje continuo y actualizado<\/li><li>Responsabilidad y autonom\u00eda<\/li><li>Gesti\u00f3n de agendas y cumplimiento de plazos<\/li><li>Adaptaci\u00f3n a las necesidades del cliente<\/li><\/ul>\t\t\t\t\t\t\t\t<\/div>\n\t\t\t\t<\/div>\n\t\t\t\t<\/div>\n\t\t\t\t<\/div>\n\t\t","protected":false},"excerpt":{"rendered":"<p>\ud83d\udc68\u200d\ud83d\udcbb Dise\u00f1o, desarrollo y gestiono p\u00e1ginas web, principalmente en el \u00e1mbito visual. Tener base de dise\u00f1ador gr\u00e1fico me aporta un alto nivel de conocimiento t\u00e9cnico y sensibilidad a la hora de trabajar el desarrollo front-end. Mi especialidad es construir sitios web con una base s\u00f3lida, prestando especial atenci\u00f3n a los detalles gr\u00e1ficos. \ud83e\udd84 Contar con &hellip;<\/p>\n","protected":false},"author":2,"featured_media":0,"parent":0,"menu_order":0,"comment_status":"closed","ping_status":"closed","template":"","meta":{"footnotes":""},"class_list":["post-3112","page","type-page","status-publish","hentry"],"yoast_head":"<!-- This site is optimized with the Yoast SEO plugin v26.0 - https:\/\/yoast.com\/wordpress\/plugins\/seo\/ -->\n<title>About - Joseba Zubeldia<\/title>\n<meta name=\"robots\" content=\"index, follow, max-snippet:-1, max-image-preview:large, max-video-preview:-1\" \/>\n<link rel=\"canonical\" href=\"https:\/\/josebazubeldia.com\/about\/\" \/>\n<meta property=\"og:locale\" content=\"es_ES\" \/>\n<meta property=\"og:type\" content=\"article\" \/>\n<meta property=\"og:title\" content=\"About - Joseba Zubeldia\" \/>\n<meta property=\"og:description\" content=\"\ud83d\udc68\u200d\ud83d\udcbb Dise\u00f1o, desarrollo y gestiono p\u00e1ginas web, principalmente en el \u00e1mbito visual. Tener base de dise\u00f1ador gr\u00e1fico me aporta un alto nivel de conocimiento t\u00e9cnico y sensibilidad a la hora de trabajar el desarrollo front-end. Mi especialidad es construir sitios web con una base s\u00f3lida, prestando especial atenci\u00f3n a los detalles gr\u00e1ficos. \ud83e\udd84 Contar con &hellip;\" \/>\n<meta property=\"og:url\" content=\"https:\/\/josebazubeldia.com\/about\/\" \/>\n<meta property=\"og:site_name\" content=\"Joseba Zubeldia\" \/>\n<meta property=\"article:modified_time\" content=\"2025-10-04T08:37:03+00:00\" \/>\n<meta property=\"og:image\" content=\"https:\/\/josebazubeldia.com\/wp-content\/uploads\/2025\/10\/vacio.png\" \/>\n\t<meta property=\"og:image:width\" content=\"2104\" \/>\n\t<meta property=\"og:image:height\" content=\"824\" \/>\n\t<meta property=\"og:image:type\" content=\"image\/png\" \/>\n<meta name=\"twitter:card\" content=\"summary_large_image\" \/>\n<meta name=\"twitter:label1\" content=\"Tiempo de lectura\" \/>\n\t<meta name=\"twitter:data1\" content=\"2 minutos\" \/>\n<script type=\"application\/ld+json\" class=\"yoast-schema-graph\">{\"@context\":\"https:\/\/schema.org\",\"@graph\":[{\"@type\":\"WebPage\",\"@id\":\"https:\/\/josebazubeldia.com\/about\/\",\"url\":\"https:\/\/josebazubeldia.com\/about\/\",\"name\":\"About - Joseba Zubeldia\",\"isPartOf\":{\"@id\":\"https:\/\/josebazubeldia.com\/#website\"},\"primaryImageOfPage\":{\"@id\":\"https:\/\/josebazubeldia.com\/about\/#primaryimage\"},\"image\":{\"@id\":\"https:\/\/josebazubeldia.com\/about\/#primaryimage\"},\"thumbnailUrl\":\"https:\/\/josebazubeldia.com\/wp-content\/uploads\/2025\/10\/vacio.png\",\"datePublished\":\"2025-01-30T15:08:30+00:00\",\"dateModified\":\"2025-10-04T08:37:03+00:00\",\"breadcrumb\":{\"@id\":\"https:\/\/josebazubeldia.com\/about\/#breadcrumb\"},\"inLanguage\":\"es\",\"potentialAction\":[{\"@type\":\"ReadAction\",\"target\":[\"https:\/\/josebazubeldia.com\/about\/\"]}]},{\"@type\":\"ImageObject\",\"inLanguage\":\"es\",\"@id\":\"https:\/\/josebazubeldia.com\/about\/#primaryimage\",\"url\":\"https:\/\/josebazubeldia.com\/wp-content\/uploads\/2025\/10\/vacio.png\",\"contentUrl\":\"https:\/\/josebazubeldia.com\/wp-content\/uploads\/2025\/10\/vacio.png\"},{\"@type\":\"BreadcrumbList\",\"@id\":\"https:\/\/josebazubeldia.com\/about\/#breadcrumb\",\"itemListElement\":[{\"@type\":\"ListItem\",\"position\":1,\"name\":\"Portada\",\"item\":\"https:\/\/josebazubeldia.com\/es\/\"},{\"@type\":\"ListItem\",\"position\":2,\"name\":\"About\"}]},{\"@type\":\"WebSite\",\"@id\":\"https:\/\/josebazubeldia.com\/#website\",\"url\":\"https:\/\/josebazubeldia.com\/\",\"name\":\"Joseba Zubeldia\",\"description\":\"Diseinatzaile grafikoa | ui\/ux aditua | front-end garatzailea.\",\"potentialAction\":[{\"@type\":\"SearchAction\",\"target\":{\"@type\":\"EntryPoint\",\"urlTemplate\":\"https:\/\/josebazubeldia.com\/?s={search_term_string}\"},\"query-input\":{\"@type\":\"PropertyValueSpecification\",\"valueRequired\":true,\"valueName\":\"search_term_string\"}}],\"inLanguage\":\"es\"}]}<\/script>\n<!-- \/ Yoast SEO plugin. -->","yoast_head_json":{"title":"About - Joseba Zubeldia","robots":{"index":"index","follow":"follow","max-snippet":"max-snippet:-1","max-image-preview":"max-image-preview:large","max-video-preview":"max-video-preview:-1"},"canonical":"https:\/\/josebazubeldia.com\/about\/","og_locale":"es_ES","og_type":"article","og_title":"About - Joseba Zubeldia","og_description":"\ud83d\udc68\u200d\ud83d\udcbb Dise\u00f1o, desarrollo y gestiono p\u00e1ginas web, principalmente en el \u00e1mbito visual. Tener base de dise\u00f1ador gr\u00e1fico me aporta un alto nivel de conocimiento t\u00e9cnico y sensibilidad a la hora de trabajar el desarrollo front-end. Mi especialidad es construir sitios web con una base s\u00f3lida, prestando especial atenci\u00f3n a los detalles gr\u00e1ficos. \ud83e\udd84 Contar con &hellip;","og_url":"https:\/\/josebazubeldia.com\/about\/","og_site_name":"Joseba Zubeldia","article_modified_time":"2025-10-04T08:37:03+00:00","og_image":[{"width":2104,"height":824,"url":"https:\/\/josebazubeldia.com\/wp-content\/uploads\/2025\/10\/vacio.png","type":"image\/png"}],"twitter_card":"summary_large_image","twitter_misc":{"Tiempo de lectura":"2 minutos"},"schema":{"@context":"https:\/\/schema.org","@graph":[{"@type":"WebPage","@id":"https:\/\/josebazubeldia.com\/about\/","url":"https:\/\/josebazubeldia.com\/about\/","name":"About - Joseba Zubeldia","isPartOf":{"@id":"https:\/\/josebazubeldia.com\/#website"},"primaryImageOfPage":{"@id":"https:\/\/josebazubeldia.com\/about\/#primaryimage"},"image":{"@id":"https:\/\/josebazubeldia.com\/about\/#primaryimage"},"thumbnailUrl":"https:\/\/josebazubeldia.com\/wp-content\/uploads\/2025\/10\/vacio.png","datePublished":"2025-01-30T15:08:30+00:00","dateModified":"2025-10-04T08:37:03+00:00","breadcrumb":{"@id":"https:\/\/josebazubeldia.com\/about\/#breadcrumb"},"inLanguage":"es","potentialAction":[{"@type":"ReadAction","target":["https:\/\/josebazubeldia.com\/about\/"]}]},{"@type":"ImageObject","inLanguage":"es","@id":"https:\/\/josebazubeldia.com\/about\/#primaryimage","url":"https:\/\/josebazubeldia.com\/wp-content\/uploads\/2025\/10\/vacio.png","contentUrl":"https:\/\/josebazubeldia.com\/wp-content\/uploads\/2025\/10\/vacio.png"},{"@type":"BreadcrumbList","@id":"https:\/\/josebazubeldia.com\/about\/#breadcrumb","itemListElement":[{"@type":"ListItem","position":1,"name":"Portada","item":"https:\/\/josebazubeldia.com\/es\/"},{"@type":"ListItem","position":2,"name":"About"}]},{"@type":"WebSite","@id":"https:\/\/josebazubeldia.com\/#website","url":"https:\/\/josebazubeldia.com\/","name":"Joseba Zubeldia","description":"Diseinatzaile grafikoa | ui\/ux aditua | front-end garatzailea.","potentialAction":[{"@type":"SearchAction","target":{"@type":"EntryPoint","urlTemplate":"https:\/\/josebazubeldia.com\/?s={search_term_string}"},"query-input":{"@type":"PropertyValueSpecification","valueRequired":true,"valueName":"search_term_string"}}],"inLanguage":"es"}]}},"_links":{"self":[{"href":"https:\/\/josebazubeldia.com\/es\/wp-json\/wp\/v2\/pages\/3112","targetHints":{"allow":["GET"]}}],"collection":[{"href":"https:\/\/josebazubeldia.com\/es\/wp-json\/wp\/v2\/pages"}],"about":[{"href":"https:\/\/josebazubeldia.com\/es\/wp-json\/wp\/v2\/types\/page"}],"author":[{"embeddable":true,"href":"https:\/\/josebazubeldia.com\/es\/wp-json\/wp\/v2\/users\/2"}],"replies":[{"embeddable":true,"href":"https:\/\/josebazubeldia.com\/es\/wp-json\/wp\/v2\/comments?post=3112"}],"version-history":[{"count":15,"href":"https:\/\/josebazubeldia.com\/es\/wp-json\/wp\/v2\/pages\/3112\/revisions"}],"predecessor-version":[{"id":4357,"href":"https:\/\/josebazubeldia.com\/es\/wp-json\/wp\/v2\/pages\/3112\/revisions\/4357"}],"wp:attachment":[{"href":"https:\/\/josebazubeldia.com\/es\/wp-json\/wp\/v2\/media?parent=3112"}],"curies":[{"name":"wp","href":"https:\/\/api.w.org\/{rel}","templated":true}]}}